{"id":987497794,"date":"2023-07-10T10:42:57","date_gmt":"2023-07-10T14:42:57","guid":{"rendered":"https:\/\/stephanieplante.ca\/fr\/?page_id=987497794"},"modified":"2026-03-12T14:23:10","modified_gmt":"2026-03-12T18:23:10","slug":"infolettres-archive","status":"publish","type":"page","link":"https:\/\/stephanieplante.ca\/fr\/infolettres-archive\/","title":{"rendered":"Infolettres Archive"},"content":{"rendered":"<p>[et_pb_section fb_built=\u00a0\u00bb1&Prime; _builder_version=\u00a0\u00bb4.23.1&Prime; _module_preset=\u00a0\u00bbdefault\u00a0\u00bb global_colors_info=\u00a0\u00bb{}\u00a0\u00bb][et_pb_row column_structure=\u00a0\u00bb2_5,3_5&Prime; _builder_version=\u00a0\u00bb4.23.1&Prime; _module_preset=\u00a0\u00bbdefault\u00a0\u00bb global_colors_info=\u00a0\u00bb{}\u00a0\u00bb][et_pb_column type=\u00a0\u00bb2_5&Prime; _builder_version=\u00a0\u00bb4.23.1&Prime; _module_preset=\u00a0\u00bbdefault\u00a0\u00bb global_colors_info=\u00a0\u00bb{}\u00a0\u00bb][et_pb_image src=\u00a0\u00bbhttps:\/\/stephanieplante.ca\/fr\/wp-content\/uploads\/sites\/2\/2023\/01\/newsletter-1.png\u00a0\u00bb title_text=\u00a0\u00bbnewsletter\u00a0\u00bb _builder_version=\u00a0\u00bb4.23.1&Prime; _module_preset=\u00a0\u00bbdefault\u00a0\u00bb max_height=\u00a0\u00bb35%\u00a0\u00bb global_colors_info=\u00a0\u00bb{}\u00a0\u00bb][\/et_pb_image][\/et_pb_column][et_pb_column type=\u00a0\u00bb3_5&Prime; _builder_version=\u00a0\u00bb4.23.1&Prime; _module_preset=\u00a0\u00bbdefault\u00a0\u00bb global_colors_info=\u00a0\u00bb{}\u00a0\u00bb][et_pb_text _builder_version=\u00a0\u00bb4.23.4&Prime; _module_preset=\u00a0\u00bbdefault\u00a0\u00bb background_color=\u00a0\u00bbgcid-6982ccd7-9591-451a-8dd3-fa0a398e3f88&Prime; custom_margin=\u00a0\u00bb||||true|false\u00a0\u00bb custom_padding=\u00a0\u00bb10px|10px|10px|10px|true|true\u00a0\u00bb global_colors_info=\u00a0\u00bb{%22gcid-6982ccd7-9591-451a-8dd3-fa0a398e3f88%22:%91%22background_color%22%93}\u00a0\u00bb]<\/p>\n<h1>Les archives Infolettre<\/h1>\n<p>Les anciennes infolettres peuvent \u00eatre consult\u00e9es ici. Inscrivez-vous pour que le v\u00f4tre soit automatiquement livr\u00e9 dans votre bo\u00eete de r\u00e9ception et ne manquez plus jamais les \u00e9v\u00e9nements importants \u00e0 Rideau &#8211; Vanier!<\/p>\n<p>[\/et_pb_text][et_pb_text _builder_version=\u00a0\u00bb4.23.4&Prime; _module_preset=\u00a0\u00bbdefault\u00a0\u00bb global_colors_info=\u00a0\u00bb{}\u00a0\u00bb]<\/p>\n<p>Vous avez rat\u00e9 une infolettre ? Ne vous inqui\u00e9tez pas, nous les avons toutes ici pour vous. S\u00e9lectionnez l&rsquo;ann\u00e9e ci-dessous et patientez jusqu&rsquo;\u00e0 ce que votre demande soit trait\u00e9e.<\/p>\n<p>[\/et_pb_text][\/et_pb_column][\/et_pb_row][et_pb_row column_structure=\u00a0\u00bb1_2,1_2&Prime; _builder_version=\u00a0\u00bb4.23.1&Prime; _module_preset=\u00a0\u00bbdefault\u00a0\u00bb global_colors_info=\u00a0\u00bb{}\u00a0\u00bb][et_pb_column type=\u00a0\u00bb1_2&Prime; _builder_version=\u00a0\u00bb4.23.1&Prime; _module_preset=\u00a0\u00bbdefault\u00a0\u00bb global_colors_info=\u00a0\u00bb{}\u00a0\u00bb][et_pb_cta title=\u00a0\u00bbArchives de la lettre d&rsquo;information 2023&Prime; button_url=\u00a0\u00bb@ET-DC@eyJkeW5hbWljIjp0cnVlLCJjb250ZW50IjoicG9zdF9saW5rX3VybF9wYWdlIiwic2V0dGluZ3MiOnsicG9zdF9pZCI6Ijk4NzUwMDE0NiJ9fQ==@\u00a0\u00bb button_text=\u00a0\u00bbVoir tout\u00a0\u00bb _builder_version=\u00a0\u00bb4.23.4&Prime; _dynamic_attributes=\u00a0\u00bbbutton_url\u00a0\u00bb _module_preset=\u00a0\u00bbdefault\u00a0\u00bb global_colors_info=\u00a0\u00bb{}\u00a0\u00bb][\/et_pb_cta][et_pb_cta title=\u00a0\u00bbArchives de la lettre d&rsquo;information 2025&Prime; button_url=\u00a0\u00bb@ET-DC@eyJkeW5hbWljIjp0cnVlLCJjb250ZW50IjoicG9zdF9saW5rX3VybF9wYWdlIiwic2V0dGluZ3MiOnsicG9zdF9pZCI6Ijk4NzUwMTc0OSJ9fQ==@\u00a0\u00bb button_text=\u00a0\u00bbVoir tout\u00a0\u00bb _builder_version=\u00a0\u00bb4.27.4&Prime; _dynamic_attributes=\u00a0\u00bbbutton_url\u00a0\u00bb _module_preset=\u00a0\u00bbdefault\u00a0\u00bb global_colors_info=\u00a0\u00bb{}\u00a0\u00bb][\/et_pb_cta][\/et_pb_column][et_pb_column type=\u00a0\u00bb1_2&Prime; _builder_version=\u00a0\u00bb4.23.1&Prime; _module_preset=\u00a0\u00bbdefault\u00a0\u00bb global_colors_info=\u00a0\u00bb{}\u00a0\u00bb][et_pb_cta title=\u00a0\u00bbArchives de la lettre d&rsquo;information 2024&Prime; button_url=\u00a0\u00bb@ET-DC@eyJkeW5hbWljIjp0cnVlLCJjb250ZW50IjoicG9zdF9saW5rX3VybF9wYWdlIiwic2V0dGluZ3MiOnsicG9zdF9pZCI6Ijk4NzUwMDU4NyJ9fQ==@\u00a0\u00bb button_text=\u00a0\u00bbVoir tout\u00a0\u00bb _builder_version=\u00a0\u00bb4.27.5&Prime; _dynamic_attributes=\u00a0\u00bbbutton_url\u00a0\u00bb _module_preset=\u00a0\u00bbdefault\u00a0\u00bb hover_enabled=\u00a0\u00bb0&Prime; global_colors_info=\u00a0\u00bb{}\u00a0\u00bb sticky_enabled=\u00a0\u00bb0&Prime;][\/et_pb_cta][et_pb_cta title=\u00a0\u00bbArchives de la lettre d&rsquo;information 2026&Prime; button_url=\u00a0\u00bb@ET-DC@eyJkeW5hbWljIjp0cnVlLCJjb250ZW50IjoicG9zdF9saW5rX3VybF9wYWdlIiwic2V0dGluZ3MiOnsicG9zdF9pZCI6Ijk4NzUwMjQ0NCJ9fQ==@\u00a0\u00bb button_text=\u00a0\u00bbVoir tout\u00a0\u00bb _builder_version=\u00a0\u00bb4.27.5&Prime; _dynamic_attributes=\u00a0\u00bbbutton_url\u00a0\u00bb _module_preset=\u00a0\u00bbdefault\u00a0\u00bb global_colors_info=\u00a0\u00bb{}\u00a0\u00bb][\/et_pb_cta][\/et_pb_column][\/et_pb_row][\/et_pb_section][et_pb_section fb_built=\u00a0\u00bb1&Prime; disabled_on=\u00a0\u00bboff|off|off\u00a0\u00bb module_id=\u00a0\u00bbabonnez_vous_infolettre\u00a0\u00bb _builder_version=\u00a0\u00bb4.23.4&Prime; _module_preset=\u00a0\u00bbdefault\u00a0\u00bb background_color=\u00a0\u00bbgcid-6982ccd7-9591-451a-8dd3-fa0a398e3f88&Prime; custom_padding=\u00a0\u00bb10px|||||\u00a0\u00bb collapsed=\u00a0\u00bboff\u00a0\u00bb global_colors_info=\u00a0\u00bb{%22gcid-6982ccd7-9591-451a-8dd3-fa0a398e3f88%22:%91%22background_color%22%93}\u00a0\u00bb][et_pb_row _builder_version=\u00a0\u00bb4.23.4&Prime; _module_preset=\u00a0\u00bbdefault\u00a0\u00bb background_color=\u00a0\u00bbgcid-6982ccd7-9591-451a-8dd3-fa0a398e3f88&Prime; global_colors_info=\u00a0\u00bb{%22gcid-6982ccd7-9591-451a-8dd3-fa0a398e3f88%22:%91%22background_color%22%93}\u00a0\u00bb][et_pb_column type=\u00a0\u00bb4_4&Prime; _builder_version=\u00a0\u00bb4.19.4&Prime; _module_preset=\u00a0\u00bbdefault\u00a0\u00bb global_colors_info=\u00a0\u00bb{}\u00a0\u00bb][et_pb_cta title=\u00a0\u00bbS&rsquo;inscrire \u00e0 notre infolettre\u00a0\u00bb admin_label=\u00a0\u00bbCTA &#8211; Sign Up\u00a0\u00bb _builder_version=\u00a0\u00bb4.23.4&Prime; header_font=\u00a0\u00bbOpen Sans|700|||||||\u00a0\u00bb header_text_color=\u00a0\u00bb#000000&Prime; header_font_size=\u00a0\u00bb28px\u00a0\u00bb body_font=\u00a0\u00bbOpen Sans||||\u00a0\u00bb body_text_color=\u00a0\u00bb#000000&Prime; body_font_size=\u00a0\u00bb16&Prime; use_background_color=\u00a0\u00bboff\u00a0\u00bb background_size=\u00a0\u00bbinitial\u00a0\u00bb background_position=\u00a0\u00bbtop_left\u00a0\u00bb background_repeat=\u00a0\u00bbrepeat\u00a0\u00bb custom_margin=\u00a0\u00bb||0px|\u00a0\u00bb custom_css_promo_description=\u00a0\u00bb padding-bottom: 0 !important;\u00a0\u00bb custom_css_promo_title=\u00a0\u00bb padding-bottom: 7px;\u00a0\u00bb global_colors_info=\u00a0\u00bb{}\u00a0\u00bb button_text_size__hover_enabled=\u00a0\u00bboff\u00a0\u00bb button_one_text_size__hover_enabled=\u00a0\u00bboff\u00a0\u00bb button_two_text_size__hover_enabled=\u00a0\u00bboff\u00a0\u00bb button_text_color__hover_enabled=\u00a0\u00bboff\u00a0\u00bb button_one_text_color__hover_enabled=\u00a0\u00bboff\u00a0\u00bb button_two_text_color__hover_enabled=\u00a0\u00bboff\u00a0\u00bb button_border_width__hover_enabled=\u00a0\u00bboff\u00a0\u00bb button_one_border_width__hover_enabled=\u00a0\u00bboff\u00a0\u00bb button_two_border_width__hover_enabled=\u00a0\u00bboff\u00a0\u00bb button_border_color__hover_enabled=\u00a0\u00bboff\u00a0\u00bb button_one_border_color__hover_enabled=\u00a0\u00bboff\u00a0\u00bb button_two_border_color__hover_enabled=\u00a0\u00bboff\u00a0\u00bb button_border_radius__hover_enabled=\u00a0\u00bboff\u00a0\u00bb button_one_border_radius__hover_enabled=\u00a0\u00bboff\u00a0\u00bb button_two_border_radius__hover_enabled=\u00a0\u00bboff\u00a0\u00bb button_letter_spacing__hover_enabled=\u00a0\u00bboff\u00a0\u00bb button_one_letter_spacing__hover_enabled=\u00a0\u00bboff\u00a0\u00bb button_two_letter_spacing__hover_enabled=\u00a0\u00bboff\u00a0\u00bb button_bg_color__hover_enabled=\u00a0\u00bboff\u00a0\u00bb button_one_bg_color__hover_enabled=\u00a0\u00bboff\u00a0\u00bb button_two_bg_color__hover_enabled=\u00a0\u00bboff\u00a0\u00bb][\/et_pb_cta][et_pb_signup mailchimp_list=\u00a0\u00bbStephanie&rsquo;s Newsletter|9e2f7be278&Prime; layout=\u00a0\u00bbright_left\u00a0\u00bb name_field=\u00a0\u00bbon\u00a0\u00bb use_custom_fields=\u00a0\u00bbon\u00a0\u00bb success_message=\u00a0\u00bbMerci de vous abonner \u00e0 notre infolettre. \u00a0\u00bb button_text=\u00a0\u00bbOn y va!\u00a0\u00bb admin_label=\u00a0\u00bbSlim email optin with css class slim-optin3&Prime; module_class=\u00a0\u00bbslim-optin3&Prime; _builder_version=\u00a0\u00bb4.25.1&Prime; _module_preset=\u00a0\u00bbdefault\u00a0\u00bb header_text_align=\u00a0\u00bbcenter\u00a0\u00bb header_text_color=\u00a0\u00bb#E02B20&Prime; body_text_align=\u00a0\u00bbcenter\u00a0\u00bb result_message_text_color=\u00a0\u00bb#EE212B\u00a0\u00bb result_message_font_size=\u00a0\u00bb18px\u00a0\u00bb background_color=\u00a0\u00bbgcid-6982ccd7-9591-451a-8dd3-fa0a398e3f88&Prime; custom_button=\u00a0\u00bbon\u00a0\u00bb button_text_color=\u00a0\u00bb#FFFFFF\u00a0\u00bb button_bg_color=\u00a0\u00bb#EE212B\u00a0\u00bb button_use_icon=\u00a0\u00bboff\u00a0\u00bb result_message_text_color_tablet=\u00a0\u00bb#EE212B\u00a0\u00bb result_message_text_color_phone=\u00a0\u00bb#EE212B\u00a0\u00bb result_message_text_color_last_edited=\u00a0\u00bbon|phone\u00a0\u00bb border_radii=\u00a0\u00bbon|3px|3px|3px|3px\u00a0\u00bb border_width_all=\u00a0\u00bb3px\u00a0\u00bb border_color_all=\u00a0\u00bb#000000&Prime; global_colors_info=\u00a0\u00bb{%22gcid-6982ccd7-9591-451a-8dd3-fa0a398e3f88%22:%91%22background_color%22%93}\u00a0\u00bb][et_pb_signup_custom_field field_id=\u00a0\u00bb5&Prime; field_title=\u00a0\u00bbPostal Code\u00a0\u00bb field_type=\u00a0\u00bbinput\u00a0\u00bb min_length=\u00a0\u00bb6&Prime; max_length=\u00a0\u00bb7&Prime; allowed_symbols=\u00a0\u00bbalphanumeric\u00a0\u00bb required_mark=\u00a0\u00bboff\u00a0\u00bb _builder_version=\u00a0\u00bb4.19.4&Prime; _module_preset=\u00a0\u00bbdefault\u00a0\u00bb global_colors_info=\u00a0\u00bb{}\u00a0\u00bb predefined_field=\u00a0\u00bb5&Prime;][\/et_pb_signup_custom_field][\/et_pb_signup][et_pb_code admin_label=\u00a0\u00bbDO NOT REMOVE&#8230;..script to change placeholder info to French \u00a0\u00bb _builder_version=\u00a0\u00bb4.19.5&Prime; _module_preset=\u00a0\u00bbdefault\u00a0\u00bb global_colors_info=\u00a0\u00bb{}\u00a0\u00bb]<script type=\"text\/javascript\"><!-- [et_pb_line_break_holder] -->jQuery(function($){<!-- [et_pb_line_break_holder] -->$(\"#et_pb_signup_firstname\").val(\"\");<!-- [et_pb_line_break_holder] -->$(\"#et_pb_signup_firstname\").attr(\"placeholder\", \"Votre nom\");<!-- [et_pb_line_break_holder] -->$(\"#et_pb_signup_email\").val(\"\");<!-- [et_pb_line_break_holder] -->$(\"#et_pb_signup_email\").attr(\"placeholder\", \"Adress courriel\");<!-- [et_pb_line_break_holder] -->$(\"#et_pb_contact_5_0\").val(\"\");<!-- [et_pb_line_break_holder] -->$(\"#et_pb_contact_5_0\").attr(\"placeholder\", \"Code Postal\");<!-- [et_pb_line_break_holder] -->});<!-- [et_pb_line_break_holder] --><\/script>[\/et_pb_code][\/et_pb_column][\/et_pb_row][\/et_pb_section]<\/p>\n","protected":false},"excerpt":{"rendered":"<p>Les archives Infolettre Les anciennes infolettres peuvent \u00eatre consult\u00e9es ici. Inscrivez-vous pour que le v\u00f4tre soit automatiquement livr\u00e9 dans votre bo\u00eete de r\u00e9ception et ne manquez plus jamais les \u00e9v\u00e9nements [&hellip;]<\/p>\n","protected":false},"author":1,"featured_media":0,"parent":0,"menu_order":0,"comment_status":"closed","ping_status":"closed","template":"","meta":{"_acf_changed":false,"_et_pb_use_builder":"on","_et_pb_old_content":"","_et_gb_content_width":"","footnotes":""},"class_list":["post-987497794","page","type-page","status-publish","hentry"],"acf":[],"_links":{"self":[{"href":"https:\/\/stephanieplante.ca\/fr\/wp-json\/wp\/v2\/pages\/987497794","targetHints":{"allow":["GET"]}}],"collection":[{"href":"https:\/\/stephanieplante.ca\/fr\/wp-json\/wp\/v2\/pages"}],"about":[{"href":"https:\/\/stephanieplante.ca\/fr\/wp-json\/wp\/v2\/types\/page"}],"author":[{"embeddable":true,"href":"https:\/\/stephanieplante.ca\/fr\/wp-json\/wp\/v2\/users\/1"}],"replies":[{"embeddable":true,"href":"https:\/\/stephanieplante.ca\/fr\/wp-json\/wp\/v2\/comments?post=987497794"}],"version-history":[{"count":3,"href":"https:\/\/stephanieplante.ca\/fr\/wp-json\/wp\/v2\/pages\/987497794\/revisions"}],"predecessor-version":[{"id":987502450,"href":"https:\/\/stephanieplante.ca\/fr\/wp-json\/wp\/v2\/pages\/987497794\/revisions\/987502450"}],"wp:attachment":[{"href":"https:\/\/stephanieplante.ca\/fr\/wp-json\/wp\/v2\/media?parent=987497794"}],"curies":[{"name":"wp","href":"https:\/\/api.w.org\/{rel}","templated":true}]}}