{"id":987497273,"date":"2023-01-29T09:25:53","date_gmt":"2023-01-29T14:25:53","guid":{"rendered":"https:\/\/stephanieplante.ca\/fr\/?page_id=987497273"},"modified":"2025-04-10T09:38:56","modified_gmt":"2025-04-10T13:38:56","slug":"bibliotheque-dactualites","status":"publish","type":"page","link":"https:\/\/stephanieplante.ca\/fr\/bibliotheque-dactualites\/","title":{"rendered":"Biblioth\u00e8que d&rsquo;actualit\u00e9s"},"content":{"rendered":"<p>[et_pb_section fb_built=\u00a0\u00bb1&Prime; _builder_version=\u00a0\u00bb4.19.5&Prime; _module_preset=\u00a0\u00bbdefault\u00a0\u00bb global_colors_info=\u00a0\u00bb{}\u00a0\u00bb][et_pb_row _builder_version=\u00a0\u00bb4.20.4&Prime; _module_preset=\u00a0\u00bbdefault\u00a0\u00bb global_colors_info=\u00a0\u00bb{}\u00a0\u00bb][et_pb_column type=\u00a0\u00bb4_4&Prime; _builder_version=\u00a0\u00bb4.20.4&Prime; _module_preset=\u00a0\u00bbdefault\u00a0\u00bb global_colors_info=\u00a0\u00bb{}\u00a0\u00bb][et_pb_text _builder_version=\u00a0\u00bb4.20.4&Prime; _module_preset=\u00a0\u00bbdefault\u00a0\u00bb global_colors_info=\u00a0\u00bb{}\u00a0\u00bb]<\/p>\n<h1>Actualit\u00e9s et \u00e9v\u00e8nements<\/h1>\n<p>[\/et_pb_text][pac_dth_taxonomy_list taxonomy_terms_category=\u00a0\u00bboff|on|on|on|on|on|on|on|on|on|on|on|on|on|off|off|off|off|off|off|off|off|off|off|off|on|off|off|off|off|off|off|off|off|off|off|off|off|off|off|off|off|off|off|off|off|off|off|off|off\u00a0\u00bb show_taxonomy_posts_count=\u00a0\u00bbon\u00a0\u00bb show_taxonomy_desc=\u00a0\u00bboff\u00a0\u00bb show_taxonomy_button=\u00a0\u00bboff\u00a0\u00bb taxonomies_column=\u00a0\u00bb2&Prime; taxonomies_image_position=\u00a0\u00bbleft\u00a0\u00bb hide_empty_taxonomies=\u00a0\u00bbon\u00a0\u00bb taxonomy_padding=\u00a0\u00bb35px|30px|15px|30px|false|true\u00a0\u00bb taxonomy_image_width=\u00a0\u00bb100px\u00a0\u00bb taxonomy_image_alignment=\u00a0\u00bbleft\u00a0\u00bb taxonomy_term_clickable=\u00a0\u00bbon\u00a0\u00bb taxonomies_column_tablet=\u00a0\u00bb2&Prime; taxonomies_column_phone=\u00a0\u00bb1&Prime; taxonomies_column_last_edited=\u00a0\u00bbon|phone\u00a0\u00bb taxonomy_image_width_tablet=\u00a0\u00bb75px\u00a0\u00bb taxonomy_image_width_phone=\u00a0\u00bb50px\u00a0\u00bb taxonomy_image_width_last_edited=\u00a0\u00bbon|phone\u00a0\u00bb _builder_version=\u00a0\u00bb4.20.4&Prime; _module_preset=\u00a0\u00bbdefault\u00a0\u00bb title_font=\u00a0\u00bbRoboto|700|||||||\u00a0\u00bb title_text_align=\u00a0\u00bbleft\u00a0\u00bb title_font_size=\u00a0\u00bb21px\u00a0\u00bb title_line_height=\u00a0\u00bb3em\u00a0\u00bb count_font_size=\u00a0\u00bb21px\u00a0\u00bb count_line_height=\u00a0\u00bb3em\u00a0\u00bb title_font_size_tablet=\u00a0\u00bb21px\u00a0\u00bb title_font_size_phone=\u00a0\u00bb14px\u00a0\u00bb title_font_size_last_edited=\u00a0\u00bbon|phone\u00a0\u00bb title_line_height_tablet=\u00a0\u00bb2em\u00a0\u00bb title_line_height_phone=\u00a0\u00bb1em\u00a0\u00bb title_line_height_last_edited=\u00a0\u00bbon|phone\u00a0\u00bb count_text_align_tablet=\u00a0\u00bb\u00a0\u00bb count_text_align_phone=\u00a0\u00bb\u00a0\u00bb count_text_align_last_edited=\u00a0\u00bbon|tablet\u00a0\u00bb count_font_size_tablet=\u00a0\u00bb21px\u00a0\u00bb count_font_size_phone=\u00a0\u00bb14px\u00a0\u00bb count_font_size_last_edited=\u00a0\u00bbon|phone\u00a0\u00bb count_line_height_tablet=\u00a0\u00bb3em\u00a0\u00bb count_line_height_phone=\u00a0\u00bb1em\u00a0\u00bb count_line_height_last_edited=\u00a0\u00bbon|tablet\u00a0\u00bb border_radii_taxonomies=\u00a0\u00bbon|10px|10px|10px|10px\u00a0\u00bb border_width_all_taxonomies=\u00a0\u00bb2px\u00a0\u00bb border_color_all_taxonomies=\u00a0\u00bb#dddddd\u00a0\u00bb global_colors_info=\u00a0\u00bb{}\u00a0\u00bb taxonomy_background__hover_enabled=\u00a0\u00bbon|hover\u00a0\u00bb taxonomy_background__hover=\u00a0\u00bb#dddddd\u00a0\u00bb][\/pac_dth_taxonomy_list][\/et_pb_column][\/et_pb_row][\/et_pb_section]<\/p>\n","protected":false},"excerpt":{"rendered":"<p>Actualit\u00e9s et \u00e9v\u00e8nements<div class=\"et_pb_module pac_dth_taxonomy_list pac_dth_taxonomy_list_0\">\n\t\t\t\t\n\t\t\t\t\n\t\t\t\t\n\t\t\t\t\n\t\t\t\t\n\t\t\t\t\n\t\t\t\t<div class=\"et_pb_module_inner\">\n\t\t\t\t\t<div class='pac_dth_taxonomies taxonomy_category post_type_post'><div class='pac_dth_taxonomy budget taxonomy_12' id='taxonomy_12'><div class=\"pac_dth_taxonomy_inner\"><div class=\"pac_dth_image\"><a href=\"https:\/\/stephanieplante.ca\/fr\/category\/actualites\/budget\/\"><img width=\"368\" height=\"368\" src=\"https:\/\/stephanieplante.ca\/fr\/wp-content\/uploads\/sites\/2\/2023\/04\/budget.png\" class=\"attachment-full size-full\" alt=\"\" decoding=\"async\" loading=\"lazy\" srcset=\"https:\/\/stephanieplante.ca\/fr\/wp-content\/uploads\/sites\/2\/2023\/04\/budget.png 368w, https:\/\/stephanieplante.ca\/fr\/wp-content\/uploads\/sites\/2\/2023\/04\/budget-300x300.png 300w, https:\/\/stephanieplante.ca\/fr\/wp-content\/uploads\/sites\/2\/2023\/04\/budget-150x150.png 150w\" sizes=\"(max-width: 368px) 100vw, 368px\" \/><\/a><\/div><div class=\"pac_dth_content\"><div><h3 class=\"pac_dth_title\"><a href=\"https:\/\/stephanieplante.ca\/fr\/category\/actualites\/budget\/\">Budget<\/a><\/h3><\/div><\/div><\/div><\/div><div class='pac_dth_taxonomy declaration_aux_medias_communique_de_presse taxonomy_14' id='taxonomy_14'><div class=\"pac_dth_taxonomy_inner\"><div class=\"pac_dth_image\"><a href=\"https:\/\/stephanieplante.ca\/fr\/category\/actualites\/declaration-aux-medias-communique-de-presse\/\"><img width=\"368\" height=\"368\" src=\"https:\/\/stephanieplante.ca\/fr\/wp-content\/uploads\/sites\/2\/2023\/04\/bulliten.png\" class=\"attachment-full size-full\" alt=\"\" decoding=\"async\" loading=\"lazy\" srcset=\"https:\/\/stephanieplante.ca\/fr\/wp-content\/uploads\/sites\/2\/2023\/04\/bulliten.png 368w, https:\/\/stephanieplante.ca\/fr\/wp-content\/uploads\/sites\/2\/2023\/04\/bulliten-300x300.png 300w, https:\/\/stephanieplante.ca\/fr\/wp-content\/uploads\/sites\/2\/2023\/04\/bulliten-150x150.png 150w\" sizes=\"(max-width: 368px) 100vw, 368px\" \/><\/a><\/div><div class=\"pac_dth_content\"><div><h3 class=\"pac_dth_title\"><a href=\"https:\/\/stephanieplante.ca\/fr\/category\/actualites\/declaration-aux-medias-communique-de-presse\/\">D\u00e9claration aux m\u00e9dias et Communiqu\u00e9 de presse<\/a><\/h3><\/div><\/div><\/div><\/div><div class='pac_dth_taxonomy editorial taxonomy_25' id='taxonomy_25'><div class=\"pac_dth_taxonomy_inner\"><div class=\"pac_dth_image\"><a href=\"https:\/\/stephanieplante.ca\/fr\/category\/actualites\/editorial\/\"><img width=\"368\" height=\"368\" src=\"https:\/\/stephanieplante.ca\/fr\/wp-content\/uploads\/sites\/2\/2023\/04\/oped.png\" class=\"attachment-full size-full\" alt=\"\" decoding=\"async\" loading=\"lazy\" srcset=\"https:\/\/stephanieplante.ca\/fr\/wp-content\/uploads\/sites\/2\/2023\/04\/oped.png 368w, https:\/\/stephanieplante.ca\/fr\/wp-content\/uploads\/sites\/2\/2023\/04\/oped-300x300.png 300w, https:\/\/stephanieplante.ca\/fr\/wp-content\/uploads\/sites\/2\/2023\/04\/oped-150x150.png 150w\" sizes=\"(max-width: 368px) 100vw, 368px\" \/><\/a><\/div><div class=\"pac_dth_content\"><div><h3 class=\"pac_dth_title\"><a href=\"https:\/\/stephanieplante.ca\/fr\/category\/actualites\/editorial\/\">\u00c9ditorial<\/a><\/h3><\/div><\/div><\/div><\/div><div class='pac_dth_taxonomy environnement taxonomy_18' id='taxonomy_18'><div class=\"pac_dth_taxonomy_inner\"><div class=\"pac_dth_image\"><a href=\"https:\/\/stephanieplante.ca\/fr\/category\/actualites\/environnement\/\"><img width=\"368\" height=\"368\" src=\"https:\/\/stephanieplante.ca\/fr\/wp-content\/uploads\/sites\/2\/2023\/04\/environment.png\" class=\"attachment-full size-full\" alt=\"\" decoding=\"async\" loading=\"lazy\" srcset=\"https:\/\/stephanieplante.ca\/fr\/wp-content\/uploads\/sites\/2\/2023\/04\/environment.png 368w, https:\/\/stephanieplante.ca\/fr\/wp-content\/uploads\/sites\/2\/2023\/04\/environment-300x300.png 300w, https:\/\/stephanieplante.ca\/fr\/wp-content\/uploads\/sites\/2\/2023\/04\/environment-150x150.png 150w\" sizes=\"(max-width: 368px) 100vw, 368px\" \/><\/a><\/div><div class=\"pac_dth_content\"><div><h3 class=\"pac_dth_title\"><a href=\"https:\/\/stephanieplante.ca\/fr\/category\/actualites\/environnement\/\">Environnement<\/a><\/h3><\/div><\/div><\/div><\/div><div class='pac_dth_taxonomy infolettre taxonomy_8' id='taxonomy_8'><div class=\"pac_dth_taxonomy_inner\"><div class=\"pac_dth_image\"><a href=\"https:\/\/stephanieplante.ca\/fr\/category\/infolettre\/\"><img width=\"368\" height=\"368\" src=\"https:\/\/stephanieplante.ca\/fr\/wp-content\/uploads\/sites\/2\/2023\/04\/newsletter.png\" class=\"attachment-full size-full\" alt=\"\" decoding=\"async\" loading=\"lazy\" srcset=\"https:\/\/stephanieplante.ca\/fr\/wp-content\/uploads\/sites\/2\/2023\/04\/newsletter.png 368w, https:\/\/stephanieplante.ca\/fr\/wp-content\/uploads\/sites\/2\/2023\/04\/newsletter-300x300.png 300w, https:\/\/stephanieplante.ca\/fr\/wp-content\/uploads\/sites\/2\/2023\/04\/newsletter-150x150.png 150w\" sizes=\"(max-width: 368px) 100vw, 368px\" \/><\/a><\/div><div class=\"pac_dth_content\"><div><h3 class=\"pac_dth_title\"><a href=\"https:\/\/stephanieplante.ca\/fr\/category\/infolettre\/\">Infolettre<\/a><\/h3><\/div><\/div><\/div><\/div><div class='pac_dth_taxonomy logement taxonomy_15' id='taxonomy_15'><div class=\"pac_dth_taxonomy_inner\"><div class=\"pac_dth_image\"><a href=\"https:\/\/stephanieplante.ca\/fr\/category\/actualites\/logement\/\"><img width=\"368\" height=\"368\" src=\"https:\/\/stephanieplante.ca\/fr\/wp-content\/uploads\/sites\/2\/2023\/04\/housing.png\" class=\"attachment-full size-full\" alt=\"\" decoding=\"async\" loading=\"lazy\" srcset=\"https:\/\/stephanieplante.ca\/fr\/wp-content\/uploads\/sites\/2\/2023\/04\/housing.png 368w, https:\/\/stephanieplante.ca\/fr\/wp-content\/uploads\/sites\/2\/2023\/04\/housing-300x300.png 300w, https:\/\/stephanieplante.ca\/fr\/wp-content\/uploads\/sites\/2\/2023\/04\/housing-150x150.png 150w\" sizes=\"(max-width: 368px) 100vw, 368px\" \/><\/a><\/div><div class=\"pac_dth_content\"><div><h3 class=\"pac_dth_title\"><a href=\"https:\/\/stephanieplante.ca\/fr\/category\/actualites\/logement\/\">Logement<\/a><\/h3><\/div><\/div><\/div><\/div><div class='pac_dth_taxonomy partenariats taxonomy_24' id='taxonomy_24'><div class=\"pac_dth_taxonomy_inner\"><div class=\"pac_dth_image\"><a href=\"https:\/\/stephanieplante.ca\/fr\/category\/actualites\/partenariats\/\"><img width=\"368\" height=\"368\" src=\"https:\/\/stephanieplante.ca\/fr\/wp-content\/uploads\/sites\/2\/2023\/04\/partnerships.png\" class=\"attachment-full size-full\" alt=\"\" decoding=\"async\" loading=\"lazy\" srcset=\"https:\/\/stephanieplante.ca\/fr\/wp-content\/uploads\/sites\/2\/2023\/04\/partnerships.png 368w, https:\/\/stephanieplante.ca\/fr\/wp-content\/uploads\/sites\/2\/2023\/04\/partnerships-300x300.png 300w, https:\/\/stephanieplante.ca\/fr\/wp-content\/uploads\/sites\/2\/2023\/04\/partnerships-150x150.png 150w\" sizes=\"(max-width: 368px) 100vw, 368px\" \/><\/a><\/div><div class=\"pac_dth_content\"><div><h3 class=\"pac_dth_title\"><a href=\"https:\/\/stephanieplante.ca\/fr\/category\/actualites\/partenariats\/\">Partenariats<\/a><\/h3><\/div><\/div><\/div><\/div><div class='pac_dth_taxonomy rapport taxonomy_22' id='taxonomy_22'><div class=\"pac_dth_taxonomy_inner\"><div class=\"pac_dth_image\"><a href=\"https:\/\/stephanieplante.ca\/fr\/category\/actualites\/rapport\/\"><img width=\"368\" height=\"368\" src=\"https:\/\/stephanieplante.ca\/fr\/wp-content\/uploads\/sites\/2\/2023\/04\/reports.png\" class=\"attachment-full size-full\" alt=\"\" decoding=\"async\" loading=\"lazy\" srcset=\"https:\/\/stephanieplante.ca\/fr\/wp-content\/uploads\/sites\/2\/2023\/04\/reports.png 368w, https:\/\/stephanieplante.ca\/fr\/wp-content\/uploads\/sites\/2\/2023\/04\/reports-300x300.png 300w, https:\/\/stephanieplante.ca\/fr\/wp-content\/uploads\/sites\/2\/2023\/04\/reports-150x150.png 150w\" sizes=\"(max-width: 368px) 100vw, 368px\" \/><\/a><\/div><div class=\"pac_dth_content\"><div><h3 class=\"pac_dth_title\"><a href=\"https:\/\/stephanieplante.ca\/fr\/category\/actualites\/rapport\/\">Rapport<\/a><\/h3><\/div><\/div><\/div><\/div><div class='pac_dth_taxonomy sante_publique taxonomy_19' id='taxonomy_19'><div class=\"pac_dth_taxonomy_inner\"><div class=\"pac_dth_image\"><a href=\"https:\/\/stephanieplante.ca\/fr\/category\/actualites\/sante-publique\/\"><img width=\"368\" height=\"368\" src=\"https:\/\/stephanieplante.ca\/fr\/wp-content\/uploads\/sites\/2\/2023\/04\/public_health.png\" class=\"attachment-full size-full\" alt=\"\" decoding=\"async\" loading=\"lazy\" srcset=\"https:\/\/stephanieplante.ca\/fr\/wp-content\/uploads\/sites\/2\/2023\/04\/public_health.png 368w, https:\/\/stephanieplante.ca\/fr\/wp-content\/uploads\/sites\/2\/2023\/04\/public_health-300x300.png 300w, https:\/\/stephanieplante.ca\/fr\/wp-content\/uploads\/sites\/2\/2023\/04\/public_health-150x150.png 150w\" sizes=\"(max-width: 368px) 100vw, 368px\" \/><\/a><\/div><div class=\"pac_dth_content\"><div><h3 class=\"pac_dth_title\"><a href=\"https:\/\/stephanieplante.ca\/fr\/category\/actualites\/sante-publique\/\">Sant\u00e9 publique<\/a><\/h3><\/div><\/div><\/div><\/div><div class='pac_dth_taxonomy services_communautaires taxonomy_13' id='taxonomy_13'><div class=\"pac_dth_taxonomy_inner\"><div class=\"pac_dth_image\"><a href=\"https:\/\/stephanieplante.ca\/fr\/category\/actualites\/services-communautaires\/\"><img width=\"368\" height=\"368\" src=\"https:\/\/stephanieplante.ca\/fr\/wp-content\/uploads\/sites\/2\/2023\/04\/community.png\" class=\"attachment-full size-full\" alt=\"\" decoding=\"async\" loading=\"lazy\" srcset=\"https:\/\/stephanieplante.ca\/fr\/wp-content\/uploads\/sites\/2\/2023\/04\/community.png 368w, https:\/\/stephanieplante.ca\/fr\/wp-content\/uploads\/sites\/2\/2023\/04\/community-300x300.png 300w, https:\/\/stephanieplante.ca\/fr\/wp-content\/uploads\/sites\/2\/2023\/04\/community-150x150.png 150w\" sizes=\"(max-width: 368px) 100vw, 368px\" \/><\/a><\/div><div class=\"pac_dth_content\"><div><h3 class=\"pac_dth_title\"><a href=\"https:\/\/stephanieplante.ca\/fr\/category\/actualites\/services-communautaires\/\">Services communautaires<\/a><\/h3><\/div><\/div><\/div><\/div><div class='pac_dth_taxonomy transit taxonomy_21' id='taxonomy_21'><div class=\"pac_dth_taxonomy_inner\"><div class=\"pac_dth_image\"><a href=\"https:\/\/stephanieplante.ca\/fr\/category\/actualites\/transit\/\"><img width=\"368\" height=\"368\" src=\"https:\/\/stephanieplante.ca\/fr\/wp-content\/uploads\/sites\/2\/2023\/04\/transit.png\" class=\"attachment-full size-full\" alt=\"\" decoding=\"async\" loading=\"lazy\" srcset=\"https:\/\/stephanieplante.ca\/fr\/wp-content\/uploads\/sites\/2\/2023\/04\/transit.png 368w, https:\/\/stephanieplante.ca\/fr\/wp-content\/uploads\/sites\/2\/2023\/04\/transit-300x300.png 300w, https:\/\/stephanieplante.ca\/fr\/wp-content\/uploads\/sites\/2\/2023\/04\/transit-150x150.png 150w\" sizes=\"(max-width: 368px) 100vw, 368px\" \/><\/a><\/div><div class=\"pac_dth_content\"><div><h3 class=\"pac_dth_title\"><a href=\"https:\/\/stephanieplante.ca\/fr\/category\/actualites\/transit\/\">Transit<\/a><\/h3><\/div><\/div><\/div><\/div><div class='pac_dth_taxonomy transport taxonomy_20' id='taxonomy_20'><div class=\"pac_dth_taxonomy_inner\"><div class=\"pac_dth_image\"><a href=\"https:\/\/stephanieplante.ca\/fr\/category\/actualites\/transport\/\"><img width=\"368\" height=\"368\" src=\"https:\/\/stephanieplante.ca\/fr\/wp-content\/uploads\/sites\/2\/2023\/04\/transportation.png\" class=\"attachment-full size-full\" alt=\"\" decoding=\"async\" loading=\"lazy\" srcset=\"https:\/\/stephanieplante.ca\/fr\/wp-content\/uploads\/sites\/2\/2023\/04\/transportation.png 368w, https:\/\/stephanieplante.ca\/fr\/wp-content\/uploads\/sites\/2\/2023\/04\/transportation-300x300.png 300w, https:\/\/stephanieplante.ca\/fr\/wp-content\/uploads\/sites\/2\/2023\/04\/transportation-150x150.png 150w\" sizes=\"(max-width: 368px) 100vw, 368px\" \/><\/a><\/div><div class=\"pac_dth_content\"><div><h3 class=\"pac_dth_title\"><a href=\"https:\/\/stephanieplante.ca\/fr\/category\/actualites\/transport\/\">Transport<\/a><\/h3><\/div><\/div><\/div><\/div><div class='pac_dth_taxonomy urbanisme_et_amenagement taxonomy_23' id='taxonomy_23'><div class=\"pac_dth_taxonomy_inner\"><div class=\"pac_dth_image\"><a href=\"https:\/\/stephanieplante.ca\/fr\/category\/actualites\/urbanisme-et-amenagement\/\"><img width=\"368\" height=\"368\" src=\"https:\/\/stephanieplante.ca\/fr\/wp-content\/uploads\/sites\/2\/2023\/04\/planning_development.png\" class=\"attachment-full size-full\" alt=\"\" decoding=\"async\" loading=\"lazy\" srcset=\"https:\/\/stephanieplante.ca\/fr\/wp-content\/uploads\/sites\/2\/2023\/04\/planning_development.png 368w, https:\/\/stephanieplante.ca\/fr\/wp-content\/uploads\/sites\/2\/2023\/04\/planning_development-300x300.png 300w, https:\/\/stephanieplante.ca\/fr\/wp-content\/uploads\/sites\/2\/2023\/04\/planning_development-150x150.png 150w\" sizes=\"(max-width: 368px) 100vw, 368px\" \/><\/a><\/div><div class=\"pac_dth_content\"><div><h3 class=\"pac_dth_title\"><a href=\"https:\/\/stephanieplante.ca\/fr\/category\/actualites\/urbanisme-et-amenagement\/\">Urbanisme et am\u00e9nagement<\/a><\/h3><\/div><\/div><\/div><\/div><\/div>\n\t\t\t\t<\/div>\n\t\t\t<\/div><\/p>\n","protected":false},"author":1,"featured_media":0,"parent":0,"menu_order":0,"comment_status":"closed","ping_status":"closed","template":"","meta":{"_acf_changed":false,"_et_pb_use_builder":"on","_et_pb_old_content":"","_et_gb_content_width":"","footnotes":""},"class_list":["post-987497273","page","type-page","status-publish","hentry"],"acf":[],"_links":{"self":[{"href":"https:\/\/stephanieplante.ca\/fr\/wp-json\/wp\/v2\/pages\/987497273","targetHints":{"allow":["GET"]}}],"collection":[{"href":"https:\/\/stephanieplante.ca\/fr\/wp-json\/wp\/v2\/pages"}],"about":[{"href":"https:\/\/stephanieplante.ca\/fr\/wp-json\/wp\/v2\/types\/page"}],"author":[{"embeddable":true,"href":"https:\/\/stephanieplante.ca\/fr\/wp-json\/wp\/v2\/users\/1"}],"replies":[{"embeddable":true,"href":"https:\/\/stephanieplante.ca\/fr\/wp-json\/wp\/v2\/comments?post=987497273"}],"version-history":[{"count":0,"href":"https:\/\/stephanieplante.ca\/fr\/wp-json\/wp\/v2\/pages\/987497273\/revisions"}],"wp:attachment":[{"href":"https:\/\/stephanieplante.ca\/fr\/wp-json\/wp\/v2\/media?parent=987497273"}],"curies":[{"name":"wp","href":"https:\/\/api.w.org\/{rel}","templated":true}]}}