{"id":987497052,"date":"2023-01-18T05:52:18","date_gmt":"2023-01-18T10:52:18","guid":{"rendered":"https:\/\/staging.stephanieplante.ca\/?page_id=987497052"},"modified":"2023-04-28T09:14:59","modified_gmt":"2023-04-28T13:14:59","slug":"actualites-et-evenements-extra","status":"publish","type":"page","link":"https:\/\/stephanieplante.ca\/fr\/actualites-et-evenements-extra\/","title":{"rendered":"Actualit\u00e9s et \u00e9v\u00e8nements extra"},"content":{"rendered":"\n[et_pb_section fb_built=\u00a0\u00bb1&Prime; theme_builder_area=\u00a0\u00bbpost_content\u00a0\u00bb _builder_version=\u00a0\u00bb4.19.4&Prime; _module_preset=\u00a0\u00bbdefault\u00a0\u00bb][et_pb_row _builder_version=\u00a0\u00bb4.19.4&Prime; _module_preset=\u00a0\u00bbdefault\u00a0\u00bb theme_builder_area=\u00a0\u00bbpost_content\u00a0\u00bb][et_pb_column _builder_version=\u00a0\u00bb4.19.4&Prime; _module_preset=\u00a0\u00bbdefault\u00a0\u00bb type=\u00a0\u00bb4_4&Prime; theme_builder_area=\u00a0\u00bbpost_content\u00a0\u00bb][et_pb_divider _builder_version=\u00a0\u00bb4.19.4&Prime; _module_preset=\u00a0\u00bbdefault\u00a0\u00bb theme_builder_area=\u00a0\u00bbpost_content\u00a0\u00bb hover_enabled=\u00a0\u00bb0&Prime; sticky_enabled=\u00a0\u00bb0&Prime;][\/et_pb_divider][\/et_pb_column][\/et_pb_row][et_pb_row _builder_version=\u00a0\u00bb4.19.4&Prime; _module_preset=\u00a0\u00bbdefault\u00a0\u00bb theme_builder_area=\u00a0\u00bbpost_content\u00a0\u00bb][et_pb_column _builder_version=\u00a0\u00bb4.19.4&Prime; _module_preset=\u00a0\u00bbdefault\u00a0\u00bb type=\u00a0\u00bb4_4&Prime; theme_builder_area=\u00a0\u00bbpost_content\u00a0\u00bb][et_pb_text _builder_version=\u00a0\u00bb4.19.4&Prime; _module_preset=\u00a0\u00bbdefault\u00a0\u00bb theme_builder_area=\u00a0\u00bbpost_content\u00a0\u00bb hover_enabled=\u00a0\u00bb0&Prime; sticky_enabled=\u00a0\u00bb0&Prime;]<h1 style=\"text-align: center\">News &amp; Events<\/h1>[\/et_pb_text][\/et_pb_column][\/et_pb_row][\/et_pb_section][et_pb_section fb_built=\u00a0\u00bb1&Prime; admin_label=\u00a0\u00bbBlog_Style_1&Prime; _builder_version=\u00a0\u00bb4.16&Prime; _module_preset=\u00a0\u00bbdefault\u00a0\u00bb background_enable_color=\u00a0\u00bboff\u00a0\u00bb global_colors_info=\u00a0\u00bb{}\u00a0\u00bb theme_builder_area=\u00a0\u00bbpost_content\u00a0\u00bb][et_pb_row admin_label=\u00a0\u00bbBLOG MODULE  TEMPLATE 1 \u00a0\u00bb _builder_version=\u00a0\u00bb4.16&Prime; _module_preset=\u00a0\u00bbdefault\u00a0\u00bb global_colors_info=\u00a0\u00bb{}\u00a0\u00bb theme_builder_area=\u00a0\u00bbpost_content\u00a0\u00bb][et_pb_column type=\u00a0\u00bb4_4&Prime; _builder_version=\u00a0\u00bb4.16&Prime; _module_preset=\u00a0\u00bbdefault\u00a0\u00bb global_colors_info=\u00a0\u00bb{}\u00a0\u00bb custom_css_main_element_last_edited=\u00a0\u00bboff|desktop\u00a0\u00bb custom_css_main_element_tablet=\u00a0\u00bb||\u00a0\u00bb theme_builder_area=\u00a0\u00bbpost_content\u00a0\u00bb][et_pb_blog fullwidth=\u00a0\u00bboff\u00a0\u00bb posts_number=\u00a0\u00bb3&Prime; excerpt_length=\u00a0\u00bb110&Prime; show_more=\u00a0\u00bbon\u00a0\u00bb show_author=\u00a0\u00bboff\u00a0\u00bb show_comments=\u00a0\u00bbon\u00a0\u00bb use_overlay=\u00a0\u00bbon\u00a0\u00bb hover_overlay_color=\u00a0\u00bbrgba(8,44,75,0.8)\u00a0\u00bb hover_icon=\u00a0\u00bb&#xe02b;||divi||400&Prime; admin_label=\u00a0\u00bbBlog_Style V1&Prime; module_class=\u00a0\u00bbdct_blog_v1&Prime; _builder_version=\u00a0\u00bb4.19.4&Prime; _module_preset=\u00a0\u00bbdefault\u00a0\u00bb header_font=\u00a0\u00bbOpen Sans|700||on|||||\u00a0\u00bb header_text_color=\u00a0\u00bb#121c45&Prime; header_font_size=\u00a0\u00bb16px\u00a0\u00bb header_line_height=\u00a0\u00bb27px\u00a0\u00bb body_font=\u00a0\u00bbOpen Sans|600|||||||\u00a0\u00bb body_text_color=\u00a0\u00bb#9b9b9b\u00a0\u00bb body_font_size=\u00a0\u00bb15px\u00a0\u00bb body_line_height=\u00a0\u00bb27px\u00a0\u00bb meta_font=\u00a0\u00bbOpen Sans|600|||||||\u00a0\u00bb read_more_font=\u00a0\u00bbOpen Sans|700||on|||||\u00a0\u00bb read_more_text_color=\u00a0\u00bb#121c45&Prime; pagination_font=\u00a0\u00bbOpen Sans|600||on|||||\u00a0\u00bb pagination_text_color=\u00a0\u00bb#ffffff\u00a0\u00bb pagination_font_size=\u00a0\u00bb15px\u00a0\u00bb body_link_font=\u00a0\u00bbOpen Sans||||||||\u00a0\u00bb body_ul_font=\u00a0\u00bbOpen Sans||||||||\u00a0\u00bb body_ol_font=\u00a0\u00bbOpen Sans||||||||\u00a0\u00bb body_quote_font=\u00a0\u00bbOpen Sans||||||||\u00a0\u00bb positioning=\u00a0\u00bbrelative\u00a0\u00bb hover_enabled=\u00a0\u00bb0&Prime; custom_css_main_element=\u00a0\u00bboverflow: hidden;\u00a0\u00bb custom_css_content=\u00a0\u00bbpadding: 10px 0;||font-weight:400 !important;\u00a0\u00bb custom_css_featured_image=\u00a0\u00bbtransform: scale(1);||transition: all ease-in-out .5s\u00a0\u00bb custom_css_read_more=\u00a0\u00bbdisplay: inline-block!important;||position: relative;||border-bottom: 1px solid #ccc;\u00a0\u00bb border_width_all=\u00a0\u00bb0px\u00a0\u00bb global_colors_info=\u00a0\u00bb{}\u00a0\u00bb custom_css_featured_image__hover_enabled=\u00a0\u00bbon|hover\u00a0\u00bb custom_css_featured_image__hover=\u00a0\u00bbtransform: scale(1.2)\u00a0\u00bb header_text_color__hover_enabled=\u00a0\u00bbon|hover\u00a0\u00bb header_text_color__hover=\u00a0\u00bb#ee212b\u00a0\u00bb read_more_text_color__hover_enabled=\u00a0\u00bbon|hover\u00a0\u00bb read_more_text_color__hover=\u00a0\u00bb#ee212b\u00a0\u00bb theme_builder_area=\u00a0\u00bbpost_content\u00a0\u00bb include_categories=\u00a0\u00bb14&Prime; sticky_enabled=\u00a0\u00bb0&Prime;][\/et_pb_blog][\/et_pb_column][\/et_pb_row][et_pb_row _builder_version=\u00a0\u00bb4.16&Prime; _module_preset=\u00a0\u00bbdefault\u00a0\u00bb custom_margin=\u00a0\u00bb||0px||false|false\u00a0\u00bb custom_padding=\u00a0\u00bb||0px||false|false\u00a0\u00bb global_colors_info=\u00a0\u00bb{}\u00a0\u00bb theme_builder_area=\u00a0\u00bbpost_content\u00a0\u00bb][et_pb_column type=\u00a0\u00bb4_4&Prime; _builder_version=\u00a0\u00bb4.16&Prime; _module_preset=\u00a0\u00bbdefault\u00a0\u00bb global_colors_info=\u00a0\u00bb{}\u00a0\u00bb theme_builder_area=\u00a0\u00bbpost_content\u00a0\u00bb][et_pb_text admin_label=\u00a0\u00bbCSS Is Located In A Code Module Under This Text\u00a0\u00bb _builder_version=\u00a0\u00bb4.16&Prime; _module_preset=\u00a0\u00bbdefault\u00a0\u00bb text_font=\u00a0\u00bbOpen Sans|600||on|||||\u00a0\u00bb link_font=\u00a0\u00bbOpen Sans||||||||\u00a0\u00bb ul_font=\u00a0\u00bbOpen Sans||||||||\u00a0\u00bb ol_font=\u00a0\u00bbOpen Sans||||||||\u00a0\u00bb quote_font=\u00a0\u00bbOpen Sans||||||||\u00a0\u00bb header_font=\u00a0\u00bbOpen Sans||||||||\u00a0\u00bb header_2_font=\u00a0\u00bbOpen Sans|600||on|||||\u00a0\u00bb header_3_font=\u00a0\u00bbOpen Sans||||||||\u00a0\u00bb header_4_font=\u00a0\u00bbOpen Sans||||||||\u00a0\u00bb header_5_font=\u00a0\u00bbOpen Sans||||||||\u00a0\u00bb header_6_font=\u00a0\u00bbOpen Sans||||||||\u00a0\u00bb text_orientation=\u00a0\u00bbcenter\u00a0\u00bb global_colors_info=\u00a0\u00bb{}\u00a0\u00bb theme_builder_area=\u00a0\u00bbpost_content\u00a0\u00bb]CSS is located in a code module under this text[\/et_pb_text][et_pb_code admin_label=\u00a0\u00bbTEMPLATE 1  Style 1 CSS\u00a0\u00bb _builder_version=\u00a0\u00bb4.16&Prime; _module_preset=\u00a0\u00bbdefault\u00a0\u00bb global_colors_info=\u00a0\u00bb{}\u00a0\u00bb theme_builder_area=\u00a0\u00bbpost_content\u00a0\u00bb]<!-- [et_pb_line_break_holder] -->  .dct_blog_v1 .et_pb_post{<!-- [et_pb_line_break_holder] -->    padding:0;<!-- [et_pb_line_break_holder] -->    position: relative;<!-- [et_pb_line_break_holder] -->\toverflow: hidden;<!-- [et_pb_line_break_holder] -->  }<!-- [et_pb_line_break_holder] -->.dct_blog_v1 .et_pb_post .entry-featured-image-url {<!-- [et_pb_line_break_holder] -->\toverflow: hidden;<!-- [et_pb_line_break_holder] -->\tborder-radius: 3px<!-- [et_pb_line_break_holder] -->}<!-- [et_pb_line_break_holder] -->.dct_blog_v1 .et_pb_post .entry-featured-image-url .entry-featured-image-url {<!-- [et_pb_line_break_holder] -->\tmargin-bottom: 0<!-- [et_pb_line_break_holder] -->}<!-- [et_pb_line_break_holder] -->.dct_blog_v1 .et_pb_post .post-meta .published {<!-- [et_pb_line_break_holder] -->\tcolor: #000<!-- [et_pb_line_break_holder] -->}<!-- [et_pb_line_break_holder] -->  .dct_blog_v1 .et_pb_post .post-meta a{color:#ee212b}<!-- [et_pb_line_break_holder] -->.dct_blog_v1 .et_pb_post .post-content .more-link:before {<!-- [et_pb_line_break_holder] -->\tcontent: \u00ab\u00a0\\\\45\u00a0\u00bb;<!-- [et_pb_line_break_holder] -->\tfont-family: ETmodules!important;<!-- [et_pb_line_break_holder] -->\tcolor: #fff;<!-- [et_pb_line_break_holder] -->\tright: -23px;<!-- [et_pb_line_break_holder] -->\tposition: absolute;<!-- [et_pb_line_break_holder] -->\ttop: 6px;<!-- [et_pb_line_break_holder] -->\tbackground: #ee212b;<!-- [et_pb_line_break_holder] -->\tborder-radius: 50%;<!-- [et_pb_line_break_holder] -->\tfont-size: 13px;<!-- [et_pb_line_break_holder] -->\twidth: 15px;<!-- [et_pb_line_break_holder] -->\theight: 15px;<!-- [et_pb_line_break_holder] -->\ttext-align: center;<!-- [et_pb_line_break_holder] -->\tpadding: 2px;<!-- [et_pb_line_break_holder] -->\tline-height: 15px<!-- [et_pb_line_break_holder] -->}<!-- [et_pb_line_break_holder] --><!-- [et_pb_line_break_holder] -->.dct_blog_v1 .et_pb_post .post-content .more-link:after {<!-- [et_pb_line_break_holder] -->\tposition: absolute;<!-- [et_pb_line_break_holder] -->\tcontent: \u00ab\u00a0\u00a0\u00bb;<!-- [et_pb_line_break_holder] -->\tdisplay: block;<!-- [et_pb_line_break_holder] -->\tleft: 0;<!-- [et_pb_line_break_holder] -->\tbottom: -2px;<!-- [et_pb_line_break_holder] -->\twidth: 0;<!-- [et_pb_line_break_holder] -->\theight: 2px;<!-- [et_pb_line_break_holder] -->\tbackground: #ee212b;<!-- [et_pb_line_break_holder] -->\ttransition: all .3s ease 0s<!-- [et_pb_line_break_holder] -->}<!-- [et_pb_line_break_holder] --><!-- [et_pb_line_break_holder] -->.dct_blog_v1 .et_pb_post .post-content .more-link:hover:after {<!-- [et_pb_line_break_holder] -->\twidth: 100%<!-- [et_pb_line_break_holder] -->}<!-- [et_pb_line_break_holder] -->.dct_blog_v1 .et_pb_post .et_pb_image_container {<!-- [et_pb_line_break_holder] -->\tmargin-bottom: 10px!important;<!-- [et_pb_line_break_holder] -->\tmargin: 0<!-- [et_pb_line_break_holder] -->}<!-- [et_pb_line_break_holder] --><!-- [et_pb_line_break_holder] -->.dct_blog_v1 .et_pb_post .post-meta .published {<!-- [et_pb_line_break_holder] -->\tposition: absolute;<!-- [et_pb_line_break_holder] -->\tright: 10px;<!-- [et_pb_line_break_holder] -->\ttop: 10px;<!-- [et_pb_line_break_holder] -->\tz-index: 9;<!-- [et_pb_line_break_holder] -->\tbackground-color: #ee212b;<!-- [et_pb_line_break_holder] -->\tcolor: #fff;<!-- [et_pb_line_break_holder] -->\tline-height: 1;<!-- [et_pb_line_break_holder] -->\ttext-align: center;<!-- [et_pb_line_break_holder] -->\twidth: 44px;<!-- [et_pb_line_break_holder] -->\tline-height: 15px;<!-- [et_pb_line_break_holder] -->\tpadding-top: 15px;<!-- [et_pb_line_break_holder] -->\tpadding-bottom: 15px;<!-- [et_pb_line_break_holder] -->}<!-- [et_pb_line_break_holder] --><!-- [et_pb_line_break_holder] -->.dct_blog_v1 .et_pb_post .post-meta .published:before {<!-- [et_pb_line_break_holder] -->\tposition: absolute;<!-- [et_pb_line_break_holder] -->\tcontent: \u00ab\u00a0\u00a0\u00bb;<!-- [et_pb_line_break_holder] -->\tbackground-color: rgba(250, 250, 250, .5);<!-- [et_pb_line_break_holder] -->\twidth: 20px;<!-- [et_pb_line_break_holder] -->\theight: 2px;<!-- [et_pb_line_break_holder] -->\tright: calc(50% &#8211; 10px);<!-- [et_pb_line_break_holder] -->\ttop: 7px;<!-- [et_pb_line_break_holder] -->}<!-- [et_pb_line_break_holder] --><!-- [et_pb_line_break_holder] -->.dct_blog_v1 .et_pb_post .post-meta .published:after {<!-- [et_pb_line_break_holder] -->\tposition: absolute;<!-- [et_pb_line_break_holder] -->\tcontent: \u00ab\u00a0\u00a0\u00bb;<!-- [et_pb_line_break_holder] -->\tright: 0;<!-- [et_pb_line_break_holder] -->\tbottom: -9px;<!-- [et_pb_line_break_holder] -->\twidth: 0;<!-- [et_pb_line_break_holder] -->\theight: 0;<!-- [et_pb_line_break_holder] -->\tborder-style: solid;<!-- [et_pb_line_break_holder] -->\tborder-width: 9px 10px 0 0;<!-- [et_pb_line_break_holder] -->\tborder-color: #bf1926 transparent transparent transparent;<!-- [et_pb_line_break_holder] -->\tborder-top-color: #be1926;<!-- [et_pb_line_break_holder] -->\tbox-sizing: border-box;<!-- [et_pb_line_break_holder] -->}<!-- [et_pb_line_break_holder] -->.dct_blog_v1 .et_pb_post .entry-featured-image-url .et_overlay {<!-- [et_pb_line_break_holder] -->\twidth: 100%;<!-- [et_pb_line_break_holder] -->\theight: 100%;<!-- [et_pb_line_break_holder] -->\tposition: absolute;<!-- [et_pb_line_break_holder] -->\ttop: 0;<!-- [et_pb_line_break_holder] -->\tleft: 0;<!-- [et_pb_line_break_holder] -->\tz-index: 1;<!-- [et_pb_line_break_holder] -->\tborder: none;<!-- [et_pb_line_break_holder] -->\t-webkit-transform: scale(2) translateX(-75%) translateY(-75%) translateZ(0) rotate(-28deg);<!-- [et_pb_line_break_holder] -->\ttransform: scale(2) translateX(-75%) translateY(-75%) translateZ(0) rotate(-28deg);<!-- [et_pb_line_break_holder] -->\ttransition: -webkit-transform 3s cubic-bezier(.23, 1, .32, 1);<!-- [et_pb_line_break_holder] -->\ttransition: transform 3s cubic-bezier(.23, 1, .32, 1);<!-- [et_pb_line_break_holder] -->\ttransition: transform 3s cubic-bezier(.23, 1, .32, 1), -webkit-transform 3s cubic-bezier(.23, 1, .32, 1);<!-- [et_pb_line_break_holder] -->    opacity: 0.8;<!-- [et_pb_line_break_holder] -->}<!-- [et_pb_line_break_holder] --><!-- [et_pb_line_break_holder] -->.dct_blog_v1 .et_pb_post:hover .entry-featured-image-url .et_overlay {<!-- [et_pb_line_break_holder] -->\t-webkit-transform: scale(2) translateX(0) translateY(0) translateZ(0) rotate(-28deg);<!-- [et_pb_line_break_holder] -->\ttransform: scale(2) translateX(0) translateY(0) translateZ(0) rotate(-28deg)<!-- [et_pb_line_break_holder] -->}<!-- [et_pb_line_break_holder] --><!-- [et_pb_line_break_holder] -->.dct_blog_v1 .et_pb_post .entry-featured-image-url .et_overlay:before {<!-- [et_pb_line_break_holder] -->\ttop: 50%;<!-- [et_pb_line_break_holder] -->\ttransform: translate(-50%, -50%);<!-- [et_pb_line_break_holder] -->\tcolor: #fff;<!-- [et_pb_line_break_holder] -->\tfont-size: 10px;<!-- [et_pb_line_break_holder] -->\tpadding: 9px;<!-- [et_pb_line_break_holder] -->\tborder-radius: 50%;<!-- [et_pb_line_break_holder] -->\tbackground: #ee212b;<!-- [et_pb_line_break_holder] -->\tmargin: 0<!-- [et_pb_line_break_holder] -->}<!-- [et_pb_line_break_holder] -->  .dct_blog_v1 .pagination .alignleft,<!-- [et_pb_line_break_holder] -->.dct_blog_v1 .pagination .alignright {<!-- [et_pb_line_break_holder] -->\toverflow: hidden;<!-- [et_pb_line_break_holder] -->\twidth: auto;<!-- [et_pb_line_break_holder] -->\tmargin: 0 auto;<!-- [et_pb_line_break_holder] -->\tfloat: none;<!-- [et_pb_line_break_holder] -->\ttext-align: center;<!-- [et_pb_line_break_holder] -->\tdisplay: inline-block;<!-- [et_pb_line_break_holder] -->\tline-height: 50px<!-- [et_pb_line_break_holder] -->}<!-- [et_pb_line_break_holder] --><!-- [et_pb_line_break_holder] -->.dct_blog_v1 .pagination .alignleft a,<!-- [et_pb_line_break_holder] -->.dct_blog_v1 .pagination .alignright a {<!-- [et_pb_line_break_holder] -->\tbackground-color: #ee212b;<!-- [et_pb_line_break_holder] -->\tpadding: 10px 22px!important;<!-- [et_pb_line_break_holder] -->\tborder: none!important;<!-- [et_pb_line_break_holder] -->\tborder-radius: 0;<!-- [et_pb_line_break_holder] -->\toverflow: hidden;<!-- [et_pb_line_break_holder] -->\tposition: relative;<!-- [et_pb_line_break_holder] -->\tz-index: 1;<!-- [et_pb_line_break_holder] -->\ttransition: all .5s !important;<!-- [et_pb_line_break_holder] -->}<!-- [et_pb_line_break_holder] --><!-- [et_pb_line_break_holder] -->.dct_blog_v1 .pagination .alignleft a:hover,<!-- [et_pb_line_break_holder] -->.dct_blog_v1 .pagination .alignright a:hover {<!-- [et_pb_line_break_holder] -->\tcolor: #fff;<!-- [et_pb_line_break_holder] -->\ttext-shadow: 0 0 3px #333;<!-- [et_pb_line_break_holder] -->\tbackground-color: #082c4b;<!-- [et_pb_line_break_holder] -->\tbox-shadow: 10px 10px 10px rgba(0, 0, 0, .2)<!-- [et_pb_line_break_holder] -->}<!-- [et_pb_line_break_holder] -->[\/et_pb_code][\/et_pb_column][\/et_pb_row][\/et_pb_section]\n","protected":false},"excerpt":{"rendered":"<p>News &amp; EventsCSS is located in a code module under this text<\/p>\n","protected":false},"author":1,"featured_media":0,"parent":0,"menu_order":0,"comment_status":"closed","ping_status":"closed","template":"","meta":{"_acf_changed":false,"_et_pb_use_builder":"on","_et_pb_old_content":"","_et_gb_content_width":"","footnotes":""},"class_list":["post-987497052","page","type-page","status-publish","hentry"],"acf":[],"_links":{"self":[{"href":"https:\/\/stephanieplante.ca\/fr\/wp-json\/wp\/v2\/pages\/987497052","targetHints":{"allow":["GET"]}}],"collection":[{"href":"https:\/\/stephanieplante.ca\/fr\/wp-json\/wp\/v2\/pages"}],"about":[{"href":"https:\/\/stephanieplante.ca\/fr\/wp-json\/wp\/v2\/types\/page"}],"author":[{"embeddable":true,"href":"https:\/\/stephanieplante.ca\/fr\/wp-json\/wp\/v2\/users\/1"}],"replies":[{"embeddable":true,"href":"https:\/\/stephanieplante.ca\/fr\/wp-json\/wp\/v2\/comments?post=987497052"}],"version-history":[{"count":0,"href":"https:\/\/stephanieplante.ca\/fr\/wp-json\/wp\/v2\/pages\/987497052\/revisions"}],"wp:attachment":[{"href":"https:\/\/stephanieplante.ca\/fr\/wp-json\/wp\/v2\/media?parent=987497052"}],"curies":[{"name":"wp","href":"https:\/\/api.w.org\/{rel}","templated":true}]}}